{"id":96,"date":"2015-10-27T14:39:56","date_gmt":"2015-10-27T13:39:56","guid":{"rendered":"http:\/\/vulkantechnic.de\/?page_id=96"},"modified":"2024-12-05T14:45:38","modified_gmt":"2024-12-05T13:45:38","slug":"training","status":"publish","type":"page","link":"https:\/\/vulkantechnic.de\/en\/carreers\/training\/","title":{"rendered":"Training"},"content":{"rendered":"<p>[et_pb_section bb_built=&#8221;1&#8243; admin_label=&#8221;section&#8221; fullwidth=&#8221;on&#8221; specialty=&#8221;off&#8221; background_color=&#8221;#77787a&#8221; inner_shadow=&#8221;off&#8221; parallax=&#8221;off&#8221; transparent_background=&#8221;off&#8221; allow_player_pause=&#8221;off&#8221; parallax_method=&#8221;off&#8221; padding_mobile=&#8221;off&#8221; make_fullwidth=&#8221;off&#8221; use_custom_width=&#8221;off&#8221; width_unit=&#8221;on&#8221; make_equal=&#8221;off&#8221; use_custom_gutter=&#8221;off&#8221; gutter_width=&#8221;3&#8243; custom_padding_tablet=&#8221;50px|0|50px|0&#8243; custom_padding_last_edited=&#8221;on|desktop&#8221; next_background_color=&#8221;#ffffff&#8221;][et_pb_fullwidth_header admin_label=&#8221;Vollbreite Kopfzeile&#8221; title=&#8221; &#8221; background_layout=&#8221;dark&#8221; text_orientation=&#8221;left&#8221; header_fullscreen=&#8221;off&#8221; header_scroll_down=&#8221;off&#8221; parallax=&#8221;off&#8221; parallax_method=&#8221;off&#8221; content_orientation=&#8221;center&#8221; image_orientation=&#8221;center&#8221; custom_button_one=&#8221;off&#8221; button_one_text_size=&#8221;20&#8243; button_one_border_width=&#8221;2&#8243; button_one_border_radius=&#8221;3&#8243; button_one_letter_spacing=&#8221;0&#8243; button_one_use_icon=&#8221;default&#8221; button_one_icon_placement=&#8221;right&#8221; button_one_on_hover=&#8221;on&#8221; button_one_border_radius_hover=&#8221;3&#8243; button_one_letter_spacing_hover=&#8221;0&#8243; custom_button_two=&#8221;off&#8221; button_two_text_size=&#8221;20&#8243; button_two_border_width=&#8221;2&#8243; button_two_border_radius=&#8221;3&#8243; button_two_letter_spacing=&#8221;0&#8243; button_two_use_icon=&#8221;default&#8221; button_two_icon_placement=&#8221;right&#8221; button_two_on_hover=&#8221;on&#8221; button_two_border_radius_hover=&#8221;3&#8243; button_two_letter_spacing_hover=&#8221;0&#8243; background_url=&#8221;http:\/\/vulkantechnic.de\/en\/wp-content\/uploads\/sites\/2\/2015\/10\/karriere-header-1.jpg&#8221; custom_css_main_element=&#8221;height: 180px;&#8221; saved_tabs=&#8221;all&#8221; background_image=&#8221;http:\/\/vulkantechnic.de\/en\/wp-content\/uploads\/sites\/2\/2015\/10\/karriere-header-1.jpg&#8221; content_max_width=&#8221;100%&#8221; background_color=&#8221;rgba(255, 255, 255, 0)&#8221; button_one_text_size__hover_enabled=&#8221;off&#8221; button_one_text_size__hover=&#8221;null&#8221; button_two_text_size__hover_enabled=&#8221;off&#8221; button_two_text_size__hover=&#8221;null&#8221; button_one_text_color__hover_enabled=&#8221;off&#8221; button_one_text_color__hover=&#8221;null&#8221; button_two_text_color__hover_enabled=&#8221;off&#8221; button_two_text_color__hover=&#8221;null&#8221; button_one_border_width__hover_enabled=&#8221;off&#8221; button_one_border_width__hover=&#8221;null&#8221; button_two_border_width__hover_enabled=&#8221;off&#8221; button_two_border_width__hover=&#8221;null&#8221; button_one_border_color__hover_enabled=&#8221;off&#8221; button_one_border_color__hover=&#8221;null&#8221; button_two_border_color__hover_enabled=&#8221;off&#8221; button_two_border_color__hover=&#8221;null&#8221; button_one_border_radius__hover_enabled=&#8221;on&#8221; button_one_border_radius__hover=&#8221;3&#8243; button_two_border_radius__hover_enabled=&#8221;on&#8221; button_two_border_radius__hover=&#8221;3&#8243; button_one_letter_spacing__hover_enabled=&#8221;on&#8221; button_one_letter_spacing__hover=&#8221;0&#8243; button_two_letter_spacing__hover_enabled=&#8221;on&#8221; button_two_letter_spacing__hover=&#8221;0&#8243; button_one_bg_color__hover_enabled=&#8221;off&#8221; button_one_bg_color__hover=&#8221;null&#8221; button_two_bg_color__hover_enabled=&#8221;off&#8221; button_two_bg_color__hover=&#8221;null&#8221; \/][\/et_pb_section][et_pb_section bb_built=&#8221;1&#8243; admin_label=&#8221;section&#8221; fullwidth=&#8221;off&#8221; specialty=&#8221;on&#8221; prev_background_color=&#8221;#77787a&#8221;][et_pb_column type=&#8221;1_4&#8243;][et_pb_sidebar orientation=&#8221;left&#8221; background_layout=&#8221;light&#8221; show_border=&#8221;on&#8221; \/][\/et_pb_column][et_pb_column type=&#8221;3_4&#8243; specialty_columns=&#8221;3&#8243;][et_pb_row_inner][et_pb_column_inner type=&#8221;4_4&#8243; saved_specialty_column_type=&#8221;3_4&#8243;][et_pb_text background_layout=&#8221;light&#8221; text_orientation=&#8221;left&#8221; text_font_size=&#8221;14&#8243; use_border_color=&#8221;off&#8221; border_color=&#8221;#ffffff&#8221; border_style=&#8221;solid&#8221; background_position=&#8221;top_left&#8221; background_repeat=&#8221;repeat&#8221; background_size=&#8221;initial&#8221;]<\/p>\n<h2>Training<\/h2>\n<p><span lang=\"EN-GB\">Competence and knowledge are priceless; we have confirmed this time and again in our 20-year company history. That&#8217;s why we value individuality and quality in training, exactly like in our systems.<\/span><\/p>\n<p>[\/et_pb_text][et_pb_text admin_label=&#8221;AZUBI 2017&#8243; use_border_color=&#8221;off&#8221; background_position=&#8221;top_left&#8221; background_repeat=&#8221;repeat&#8221; background_size=&#8221;initial&#8221; _builder_version=&#8221;3.19.10&#8243;]<\/p>\n<h2 style=\"font-size: 20px; color: #666;\">Hast du Lust auf spannende Herausforderungen und Entwicklungsperspektiven?<\/h2>\n<h2 style=\"font-size: 20px; color: #666;\"><strong>Dann starte mit uns in deine Zukunft!<\/strong><\/h2>\n<p>Zum <strong>01.08.2021<\/strong> suchen wir <strong>Auszubildende<\/strong> f\u00fcr folgende Berufe:<\/p>\n<p>[\/et_pb_text][et_pb_accordion admin_label=&#8221;Akkordeon Ausbildung&#8221; use_border_color=&#8221;off&#8221; _builder_version=&#8221;3.19.10&#8243;][et_pb_accordion_item title=&#8221;Industriemechaniker (m\/w\/d)&#8221; _builder_version=&#8221;3.19.10&#8243; link_option_url_new_window=&#8221;off&#8221; use_background_color_gradient=&#8221;off&#8221; background_color_gradient_start=&#8221;#2b87da&#8221; background_color_gradient_end=&#8221;#29c4a9&#8243; background_color_gradient_type=&#8221;linear&#8221; background_color_gradient_direction=&#8221;180deg&#8221; background_color_gradient_direction_radial=&#8221;center&#8221; background_color_gradient_start_position=&#8221;0%&#8221; background_color_gradient_end_position=&#8221;100%&#8221; background_color_gradient_overlays_image=&#8221;off&#8221; parallax=&#8221;off&#8221; parallax_method=&#8221;on&#8221; background_size=&#8221;cover&#8221; background_position=&#8221;center&#8221; background_repeat=&#8221;no-repeat&#8221; background_blend=&#8221;normal&#8221; allow_player_pause=&#8221;off&#8221; background_video_pause_outside_viewport=&#8221;on&#8221; text_shadow_style=&#8221;none&#8221; box_shadow_style=&#8221;none&#8221; hover_transition_duration=&#8221;300ms&#8221; hover_transition_delay=&#8221;0ms&#8221; hover_transition_speed_curve=&#8221;ease&#8221; text_shadow_horizontal_length=&#8221;0em&#8221; text_shadow_vertical_length=&#8221;0em&#8221; text_shadow_blur_strength=&#8221;0em&#8221;]<\/p>\n<h6>Fachrichtung Maschinen und Anlagenbau<\/h6>\n<p><strong>Ausbildungsdauer 3 \u00bd Jahre<\/strong> <strong>Anforderungen: <\/strong><\/p>\n<ul>\n<li>Abschluss der Berufsreife \/ qualifizierter Sekundarabschluss I<\/li>\n<li>Berufsfachschule Metall von Vorteil<\/li>\n<li>technisches Verst\u00e4ndnis<\/li>\n<li>gute Mathematik- und Physikkenntnisse<\/li>\n<li>handwerkliches Geschick<\/li>\n<\/ul>\n<p><strong>Gegenstand der Berufsausbildung u.a.:<\/strong><\/p>\n<ul>\n<li>Grundlagen der Metallbearbeitung<\/li>\n<li>Aufbau von Bauteilen und Baugruppen<\/li>\n<li>Herstellung und Montage von technischen Systemen<\/li>\n<li>Instandhaltung technischer Systeme<\/li>\n<\/ul>\n<p>[\/et_pb_accordion_item][et_pb_accordion_item title=&#8221;Zerspanungsmechaniker (m\/w\/d)&#8221; _builder_version=&#8221;3.19.10&#8243; link_option_url_new_window=&#8221;off&#8221; use_background_color_gradient=&#8221;off&#8221; background_color_gradient_start=&#8221;#2b87da&#8221; background_color_gradient_end=&#8221;#29c4a9&#8243; background_color_gradient_type=&#8221;linear&#8221; background_color_gradient_direction=&#8221;180deg&#8221; background_color_gradient_direction_radial=&#8221;center&#8221; background_color_gradient_start_position=&#8221;0%&#8221; background_color_gradient_end_position=&#8221;100%&#8221; background_color_gradient_overlays_image=&#8221;off&#8221; parallax=&#8221;off&#8221; parallax_method=&#8221;on&#8221; background_size=&#8221;cover&#8221; background_position=&#8221;center&#8221; background_repeat=&#8221;no-repeat&#8221; background_blend=&#8221;normal&#8221; allow_player_pause=&#8221;off&#8221; background_video_pause_outside_viewport=&#8221;on&#8221; text_shadow_style=&#8221;none&#8221; box_shadow_style=&#8221;none&#8221; hover_transition_duration=&#8221;300ms&#8221; hover_transition_delay=&#8221;0ms&#8221; hover_transition_speed_curve=&#8221;ease&#8221;]<\/p>\n<h6>Fachrichtung Dreh- oder Fr\u00e4stechnik<\/h6>\n<p><strong>Ausbildungsdauer 3 \u00bd Jahre<\/strong> <strong>Anforderungen:<\/strong><\/p>\n<ul>\n<li>Abschluss der Berufsreife \/ qualifizierter Sekundarabschluss I<\/li>\n<li>Berufsfachschule Metall von Vorteil<\/li>\n<li>gute Mathematikkenntnisse,<\/li>\n<li>technisches Verst\u00e4ndnis<\/li>\n<li>r\u00e4umliches Denkverm\u00f6gen<\/li>\n<\/ul>\n<p><strong>\u00a0Gegenstand der Berufsausbildung u.a.:<\/strong><\/p>\n<ul>\n<li>Werkstoffkunde<\/li>\n<li>Zuschneiden von Werkstoffen<\/li>\n<li>manuelles Bohren \/ Drehen von Fertigungsteilen<\/li>\n<li>konventionelles Fr\u00e4sen<\/li>\n<li>CNC Fr\u00e4s- und Drehtechnik<\/li>\n<\/ul>\n<p>[\/et_pb_accordion_item][et_pb_accordion_item title=&#8221;Elektroniker f\u00fcr Betriebstechnik (m\/w\/d)&#8221; _builder_version=&#8221;3.19.10&#8243; link_option_url_new_window=&#8221;off&#8221; use_background_color_gradient=&#8221;off&#8221; background_color_gradient_start=&#8221;#2b87da&#8221; background_color_gradient_end=&#8221;#29c4a9&#8243; background_color_gradient_type=&#8221;linear&#8221; background_color_gradient_direction=&#8221;180deg&#8221; background_color_gradient_direction_radial=&#8221;center&#8221; background_color_gradient_start_position=&#8221;0%&#8221; background_color_gradient_end_position=&#8221;100%&#8221; background_color_gradient_overlays_image=&#8221;off&#8221; parallax=&#8221;off&#8221; parallax_method=&#8221;on&#8221; background_size=&#8221;cover&#8221; background_position=&#8221;center&#8221; background_repeat=&#8221;no-repeat&#8221; background_blend=&#8221;normal&#8221; allow_player_pause=&#8221;off&#8221; background_video_pause_outside_viewport=&#8221;on&#8221; text_shadow_style=&#8221;none&#8221; box_shadow_style=&#8221;none&#8221; hover_transition_duration=&#8221;300ms&#8221; hover_transition_delay=&#8221;0ms&#8221; hover_transition_speed_curve=&#8221;ease&#8221; text_shadow_horizontal_length=&#8221;0em&#8221; text_shadow_vertical_length=&#8221;0em&#8221; text_shadow_blur_strength=&#8221;0em&#8221;]<\/p>\n<p><strong>Ausbildungsdauer 3 \u00bd Jahre<\/strong> <strong>Anforderungen: <\/strong><\/p>\n<ul>\n<li>Abschluss der Berufsreife \/ qualifizierter Sekundarabschluss I<\/li>\n<li>Berufsfachschule Elektro von Vorteil<\/li>\n<li>gute Mathematik- und Physikkenntnisse<\/li>\n<li>handwerkliches Geschick<\/li>\n<\/ul>\n<p><strong>Gegenstand der Berufsausbildung u.a.:<\/strong><\/p>\n<ul>\n<li>Montage, Verdrahtung und Inbetriebnahme von elektr. Bauteilen, Baugruppen und Anlagen<\/li>\n<li>Steuerungstechnik<\/li>\n<li>Instandhaltung<\/li>\n<li>Pr\u00fcfung von Systemen<\/li>\n<\/ul>\n<p>[\/et_pb_accordion_item][et_pb_accordion_item title=&#8221;Mechatroniker (m\/w\/d) &#8212;&#8212;&#8212;&#8212;&#8211;&gt; display: none&#8221; _builder_version=&#8221;3.19.10&#8243; link_option_url_new_window=&#8221;off&#8221; use_background_color_gradient=&#8221;off&#8221; background_color_gradient_start=&#8221;#2b87da&#8221; background_color_gradient_end=&#8221;#29c4a9&#8243; background_color_gradient_type=&#8221;linear&#8221; background_color_gradient_direction=&#8221;180deg&#8221; background_color_gradient_direction_radial=&#8221;center&#8221; background_color_gradient_start_position=&#8221;0%&#8221; background_color_gradient_end_position=&#8221;100%&#8221; background_color_gradient_overlays_image=&#8221;off&#8221; parallax=&#8221;off&#8221; parallax_method=&#8221;on&#8221; background_size=&#8221;cover&#8221; background_position=&#8221;center&#8221; background_repeat=&#8221;no-repeat&#8221; background_blend=&#8221;normal&#8221; allow_player_pause=&#8221;off&#8221; background_video_pause_outside_viewport=&#8221;on&#8221; text_shadow_style=&#8221;none&#8221; box_shadow_style=&#8221;none&#8221; custom_css_main_element=&#8221;display: none&#8221; hover_transition_duration=&#8221;300ms&#8221; hover_transition_delay=&#8221;0ms&#8221; hover_transition_speed_curve=&#8221;ease&#8221; text_shadow_horizontal_length=&#8221;0em&#8221; text_shadow_vertical_length=&#8221;0em&#8221; text_shadow_blur_strength=&#8221;0em&#8221;]<\/p>\n<p><strong>Ausbildungsdauer 3 \u00bd Jahre<\/strong> <strong>Anforderungen: <\/strong><\/p>\n<ul>\n<li>Qualifizierter Sekundarabschluss I<\/li>\n<li>Berufsfachschule Elektro von Vorteil<\/li>\n<li>gute Mathematikkenntnisse<\/li>\n<li>Informatikwissen und technisches Verst\u00e4ndnis<\/li>\n<li>gute Englischkenntnisse<\/li>\n<\/ul>\n<p><strong>Gegenstand der Berufsausbildung u.a.:<\/strong><\/p>\n<ul>\n<li>Grundlagen der Metallbearbeitung<\/li>\n<li>Aufbau von Bauteilen und Baugruppen<\/li>\n<li>Herstellung, Montage, Inbetriebnahme und Instandhaltung von mechatronischen Systemen<\/li>\n<li>Steuerungstechnik<\/li>\n<li>Pr\u00fcfung von Systemen<\/li>\n<li>Programmieren einzelner Abl\u00e4ufe<\/li>\n<\/ul>\n<p>[\/et_pb_accordion_item][et_pb_accordion_item title=&#8221;Technische Produktdesigner (m\/w\/d)&#8221; _builder_version=&#8221;3.19.10&#8243; link_option_url_new_window=&#8221;off&#8221; use_background_color_gradient=&#8221;off&#8221; background_color_gradient_start=&#8221;#2b87da&#8221; background_color_gradient_end=&#8221;#29c4a9&#8243; background_color_gradient_type=&#8221;linear&#8221; background_color_gradient_direction=&#8221;180deg&#8221; background_color_gradient_direction_radial=&#8221;center&#8221; background_color_gradient_start_position=&#8221;0%&#8221; background_color_gradient_end_position=&#8221;100%&#8221; background_color_gradient_overlays_image=&#8221;off&#8221; parallax=&#8221;off&#8221; parallax_method=&#8221;on&#8221; background_size=&#8221;cover&#8221; background_position=&#8221;center&#8221; background_repeat=&#8221;no-repeat&#8221; background_blend=&#8221;normal&#8221; allow_player_pause=&#8221;off&#8221; background_video_pause_outside_viewport=&#8221;on&#8221; text_shadow_style=&#8221;none&#8221; box_shadow_style=&#8221;none&#8221; hover_transition_duration=&#8221;300ms&#8221; hover_transition_delay=&#8221;0ms&#8221; hover_transition_speed_curve=&#8221;ease&#8221; text_shadow_horizontal_length=&#8221;0em&#8221; text_shadow_vertical_length=&#8221;0em&#8221; text_shadow_blur_strength=&#8221;0em&#8221;]<\/p>\n<h6>Fachrichtung Maschinen und Anlagetechnik<\/h6>\n<p><strong>Ausbildungsdauer 3 \u00bd Jahre<\/strong> <strong>\u00a0Anforderungen: <\/strong><\/p>\n<ul>\n<li>Mindestens qualifizierter Sekundarabschluss I<\/li>\n<li>Berufsfachschule Metall von Vorteil<\/li>\n<li>gute Mathematik- und Physikkenntnisse<\/li>\n<li>gute Computerfertigkeiten<\/li>\n<li>ausgepr\u00e4gtes r\u00e4umliches Vorstellungsverm\u00f6gen und technisches Verst\u00e4ndnis<\/li>\n<li>Kreativit\u00e4t<\/li>\n<\/ul>\n<p><strong>Gegenstand der Berufsausbildung u.a.:<\/strong><\/p>\n<ul>\n<li>Erstellung und Anwenden technischer Dokumente<\/li>\n<li>Rechnergest\u00fctztes Konstruieren mittels CAD<\/li>\n<li>Auswahl von Werk- und Hilfsstoffen<\/li>\n<li>Ausf\u00fchren technischer Berechnungen<\/li>\n<li>Anwenden von Informations- und Kommunikationstechniken<\/li>\n<li>Arbeitsplanung und -organisation<\/li>\n<li>Ber\u00fccksichtigung von Kundenanforderungen<\/li>\n<li>Entwerfen, Ausarbeiten und Berechnen von Bauteilen und Baugruppen<\/li>\n<li>Ber\u00fccksichtigen von Fertigungs- und F\u00fcgeverfahren \/ Montagetechniken<\/li>\n<li>Begleiten des Produktentstehungsprozesses von Anfang an<\/li>\n<li>Beachten von qualit\u00e4tssichernden Ma\u00dfnahmen<\/li>\n<li>Ausf\u00fchren von Simulationen<\/li>\n<li>Enge Verkn\u00fcpfungen mit der Steuerungs- und Elektrotechnik<\/li>\n<\/ul>\n<p>[\/et_pb_accordion_item][\/et_pb_accordion][\/et_pb_column_inner][\/et_pb_row_inner][et_pb_row_inner admin_label=&#8221;Zeile&#8221;][et_pb_column_inner type=&#8221;4_4&#8243; saved_specialty_column_type=&#8221;3_4&#8243;][et_pb_text _builder_version=&#8221;3.19.10&#8243;]<\/p>\n<p><strong>Interessiert? Dann freuen wir uns auf deine Bewerbungsunterlagen und darauf, dich kennen zu lernen!<br \/>\n<\/strong>(Bewerbungen per Mail bevorzugt &#8211; max. 5 MB Dateigr\u00f6\u00dfe, max. 2 Dateien)<\/p>\n<p><strong>Vulkan Technic GmbH<\/strong><br \/>\nHuman Resources<\/p>\n<p>Vulkanstra\u00dfe 1<br \/>\n54578 Wiesbaum \/ Germany<\/p>\n<p>Tel.: \u00a0\u00a0\u00a0 +49 6593 \/ 998-0<br \/>\nFax.: \u00a0\u00a0 +49 6593 \/ 998-146<br \/>\nMail:\u00a0\u00a0\u00a0 <a href=\"&#x6d;&#x61;&#x69;&#x6c;&#x74;&#x6f;&#x3a;&#x62;&#x65;&#x77;&#x65;&#x72;&#x62;&#x75;&#x6e;&#x67;&#x40;&#x76;&#x75;&#x6c;&#x6b;&#x61;&#x6e;&#x74;&#x65;&#x63;&#x68;&#x6e;&#x69;&#x63;&#x2e;&#x64;&#x65;\">&#x62;&#x65;&#x77;&#x65;&#114;&#98;&#117;&#110;g&#64;v&#x75;&#x6c;&#x6b;&#x61;&#x6e;&#116;&#101;&#99;hni&#x63;&#x2e;&#x64;&#x65;<\/a><\/p>\n<p>[\/et_pb_text][\/et_pb_column_inner][\/et_pb_row_inner][\/et_pb_column][\/et_pb_section]<\/p>\n","protected":false},"excerpt":{"rendered":"<p>Training Competence and knowledge are priceless; we have confirmed this time and again in our 20-year company history. That&#8217;s why we value individuality and quality in training, exactly like in our systems. Hast du Lust auf spannende Herausforderungen und Entwicklungsperspektiven? Dann starte mit uns in deine Zukunft! Zum 01.08.2021 suchen wir Auszubildende f\u00fcr folgende Berufe: [&hellip;]<\/p>\n","protected":false},"author":1,"featured_media":0,"parent":53,"menu_order":0,"comment_status":"closed","ping_status":"closed","template":"","meta":{"_et_pb_use_builder":"on","_et_pb_old_content":"","_et_gb_content_width":""},"yoast_head":"<!-- This site is optimized with the Yoast SEO plugin v20.3 - https:\/\/yoast.com\/wordpress\/plugins\/seo\/ -->\n<title>Training - Vulkan Technic<\/title>\n<meta name=\"robots\" content=\"index, follow, max-snippet:-1, max-image-preview:large, max-video-preview:-1\" \/>\n<link rel=\"canonical\" href=\"https:\/\/vulkantechnic.de\/en\/carreers\/training\/\" \/>\n<meta property=\"og:locale\" content=\"en_US\" \/>\n<meta property=\"og:type\" content=\"article\" \/>\n<meta property=\"og:title\" content=\"Training - Vulkan Technic\" \/>\n<meta property=\"og:description\" content=\"Training Competence and knowledge are priceless; we have confirmed this time and again in our 20-year company history. That&#039;s why we value individuality and quality in training, exactly like in our systems. Hast du Lust auf spannende Herausforderungen und Entwicklungsperspektiven? Dann starte mit uns in deine Zukunft! Zum 01.08.2021 suchen wir Auszubildende f\u00fcr folgende Berufe: [&hellip;]\" \/>\n<meta property=\"og:url\" content=\"https:\/\/vulkantechnic.de\/en\/carreers\/training\/\" \/>\n<meta property=\"og:site_name\" content=\"Vulkan Technic\" \/>\n<meta property=\"article:modified_time\" content=\"2024-12-05T13:45:38+00:00\" \/>\n<meta name=\"twitter:card\" content=\"summary_large_image\" \/>\n<meta name=\"twitter:label1\" content=\"Est. reading time\" \/>\n\t<meta name=\"twitter:data1\" content=\"3 minutes\" \/>\n<script type=\"application\/ld+json\" class=\"yoast-schema-graph\">{\"@context\":\"https:\/\/schema.org\",\"@graph\":[{\"@type\":\"WebPage\",\"@id\":\"https:\/\/vulkantechnic.de\/en\/carreers\/training\/\",\"url\":\"https:\/\/vulkantechnic.de\/en\/carreers\/training\/\",\"name\":\"Training - Vulkan Technic\",\"isPartOf\":{\"@id\":\"https:\/\/vulkantechnic.de\/en\/#website\"},\"datePublished\":\"2015-10-27T13:39:56+00:00\",\"dateModified\":\"2024-12-05T13:45:38+00:00\",\"breadcrumb\":{\"@id\":\"https:\/\/vulkantechnic.de\/en\/carreers\/training\/#breadcrumb\"},\"inLanguage\":\"en-US\",\"potentialAction\":[{\"@type\":\"ReadAction\",\"target\":[\"https:\/\/vulkantechnic.de\/en\/carreers\/training\/\"]}]},{\"@type\":\"BreadcrumbList\",\"@id\":\"https:\/\/vulkantechnic.de\/en\/carreers\/training\/#breadcrumb\",\"itemListElement\":[{\"@type\":\"ListItem\",\"position\":1,\"name\":\"Carreers\",\"item\":\"https:\/\/vulkantechnic.de\/en\/carreers\/\"},{\"@type\":\"ListItem\",\"position\":2,\"name\":\"Training\"}]},{\"@type\":\"WebSite\",\"@id\":\"https:\/\/vulkantechnic.de\/en\/#website\",\"url\":\"https:\/\/vulkantechnic.de\/en\/\",\"name\":\"Vulkan Technic\",\"description\":\"Maschinenbaupartner f\u00fcr industrielle Klebetechnik\",\"potentialAction\":[{\"@type\":\"SearchAction\",\"target\":{\"@type\":\"EntryPoint\",\"urlTemplate\":\"https:\/\/vulkantechnic.de\/en\/?s={search_term_string}\"},\"query-input\":\"required name=search_term_string\"}],\"inLanguage\":\"en-US\"}]}<\/script>\n<!-- \/ Yoast SEO plugin. -->","yoast_head_json":{"title":"Training - Vulkan Technic","robots":{"index":"index","follow":"follow","max-snippet":"max-snippet:-1","max-image-preview":"max-image-preview:large","max-video-preview":"max-video-preview:-1"},"canonical":"https:\/\/vulkantechnic.de\/en\/carreers\/training\/","og_locale":"en_US","og_type":"article","og_title":"Training - Vulkan Technic","og_description":"Training Competence and knowledge are priceless; we have confirmed this time and again in our 20-year company history. That's why we value individuality and quality in training, exactly like in our systems. Hast du Lust auf spannende Herausforderungen und Entwicklungsperspektiven? Dann starte mit uns in deine Zukunft! Zum 01.08.2021 suchen wir Auszubildende f\u00fcr folgende Berufe: [&hellip;]","og_url":"https:\/\/vulkantechnic.de\/en\/carreers\/training\/","og_site_name":"Vulkan Technic","article_modified_time":"2024-12-05T13:45:38+00:00","twitter_card":"summary_large_image","twitter_misc":{"Est. reading time":"3 minutes"},"schema":{"@context":"https:\/\/schema.org","@graph":[{"@type":"WebPage","@id":"https:\/\/vulkantechnic.de\/en\/carreers\/training\/","url":"https:\/\/vulkantechnic.de\/en\/carreers\/training\/","name":"Training - Vulkan Technic","isPartOf":{"@id":"https:\/\/vulkantechnic.de\/en\/#website"},"datePublished":"2015-10-27T13:39:56+00:00","dateModified":"2024-12-05T13:45:38+00:00","breadcrumb":{"@id":"https:\/\/vulkantechnic.de\/en\/carreers\/training\/#breadcrumb"},"inLanguage":"en-US","potentialAction":[{"@type":"ReadAction","target":["https:\/\/vulkantechnic.de\/en\/carreers\/training\/"]}]},{"@type":"BreadcrumbList","@id":"https:\/\/vulkantechnic.de\/en\/carreers\/training\/#breadcrumb","itemListElement":[{"@type":"ListItem","position":1,"name":"Carreers","item":"https:\/\/vulkantechnic.de\/en\/carreers\/"},{"@type":"ListItem","position":2,"name":"Training"}]},{"@type":"WebSite","@id":"https:\/\/vulkantechnic.de\/en\/#website","url":"https:\/\/vulkantechnic.de\/en\/","name":"Vulkan Technic","description":"Maschinenbaupartner f\u00fcr industrielle Klebetechnik","potentialAction":[{"@type":"SearchAction","target":{"@type":"EntryPoint","urlTemplate":"https:\/\/vulkantechnic.de\/en\/?s={search_term_string}"},"query-input":"required name=search_term_string"}],"inLanguage":"en-US"}]}},"_links":{"self":[{"href":"https:\/\/vulkantechnic.de\/en\/wp-json\/wp\/v2\/pages\/96"}],"collection":[{"href":"https:\/\/vulkantechnic.de\/en\/wp-json\/wp\/v2\/pages"}],"about":[{"href":"https:\/\/vulkantechnic.de\/en\/wp-json\/wp\/v2\/types\/page"}],"author":[{"embeddable":true,"href":"https:\/\/vulkantechnic.de\/en\/wp-json\/wp\/v2\/users\/1"}],"replies":[{"embeddable":true,"href":"https:\/\/vulkantechnic.de\/en\/wp-json\/wp\/v2\/comments?post=96"}],"version-history":[{"count":5,"href":"https:\/\/vulkantechnic.de\/en\/wp-json\/wp\/v2\/pages\/96\/revisions"}],"predecessor-version":[{"id":1552,"href":"https:\/\/vulkantechnic.de\/en\/wp-json\/wp\/v2\/pages\/96\/revisions\/1552"}],"up":[{"embeddable":true,"href":"https:\/\/vulkantechnic.de\/en\/wp-json\/wp\/v2\/pages\/53"}],"wp:attachment":[{"href":"https:\/\/vulkantechnic.de\/en\/wp-json\/wp\/v2\/media?parent=96"}],"curies":[{"name":"wp","href":"https:\/\/api.w.org\/{rel}","templated":true}]}}