{"id":55,"date":"2015-10-27T14:26:22","date_gmt":"2015-10-27T13:26:22","guid":{"rendered":"http:\/\/vulkantechnic.de\/?page_id=55"},"modified":"2024-06-05T11:26:26","modified_gmt":"2024-06-05T09:26:26","slug":"company-profile","status":"publish","type":"page","link":"https:\/\/vulkantechnic.de\/en\/company\/company-profile\/","title":{"rendered":"Company Profile"},"content":{"rendered":"<p>[et_pb_section bb_built=&#8221;1&#8243; admin_label=&#8221;section&#8221; fullwidth=&#8221;on&#8221; specialty=&#8221;off&#8221; background_color=&#8221;#77787a&#8221; inner_shadow=&#8221;off&#8221; parallax=&#8221;off&#8221; transparent_background=&#8221;off&#8221; allow_player_pause=&#8221;off&#8221; parallax_method=&#8221;off&#8221; padding_mobile=&#8221;off&#8221; make_fullwidth=&#8221;off&#8221; use_custom_width=&#8221;off&#8221; width_unit=&#8221;on&#8221; make_equal=&#8221;off&#8221; use_custom_gutter=&#8221;off&#8221; gutter_width=&#8221;3&#8243; custom_padding_tablet=&#8221;50px|0|50px|0&#8243; custom_padding_last_edited=&#8221;on|desktop&#8221; next_background_color=&#8221;#ffffff&#8221;][et_pb_fullwidth_header global_module=&#8221;785&#8243; background_layout=&#8221;dark&#8221; text_orientation=&#8221;left&#8221; header_fullscreen=&#8221;off&#8221; header_scroll_down=&#8221;off&#8221; parallax=&#8221;off&#8221; parallax_method=&#8221;off&#8221; content_orientation=&#8221;center&#8221; image_orientation=&#8221;center&#8221; custom_button_one=&#8221;off&#8221; button_one_text_size=&#8221;20&#8243; button_one_border_width=&#8221;2&#8243; button_one_border_radius=&#8221;3&#8243; button_one_letter_spacing=&#8221;0&#8243; button_one_use_icon=&#8221;default&#8221; button_one_icon_placement=&#8221;right&#8221; button_one_on_hover=&#8221;on&#8221; button_one_border_radius_hover=&#8221;3&#8243; button_one_letter_spacing_hover=&#8221;0&#8243; custom_button_two=&#8221;off&#8221; button_two_text_size=&#8221;20&#8243; button_two_border_width=&#8221;2&#8243; button_two_border_radius=&#8221;3&#8243; button_two_letter_spacing=&#8221;0&#8243; button_two_use_icon=&#8221;default&#8221; button_two_icon_placement=&#8221;right&#8221; button_two_on_hover=&#8221;on&#8221; button_two_border_radius_hover=&#8221;3&#8243; button_two_letter_spacing_hover=&#8221;0&#8243; background_url=&#8221;http:\/\/vulkantechnic.de\/en\/wp-content\/uploads\/sites\/2\/2015\/10\/unternehmen-header.jpg&#8221; custom_css_main_element=&#8221;height: 160px;&#8221; saved_tabs=&#8221;all&#8221; background_image=&#8221;http:\/\/vulkantechnic.de\/en\/wp-content\/uploads\/sites\/2\/2015\/10\/unternehmen-header.jpg&#8221; content_max_width=&#8221;100%&#8221; background_color=&#8221;rgba(255, 255, 255, 0)&#8221; button_one_text_size__hover_enabled=&#8221;off&#8221; button_one_text_size__hover=&#8221;null&#8221; button_two_text_size__hover_enabled=&#8221;off&#8221; button_two_text_size__hover=&#8221;null&#8221; button_one_text_color__hover_enabled=&#8221;off&#8221; button_one_text_color__hover=&#8221;null&#8221; button_two_text_color__hover_enabled=&#8221;off&#8221; button_two_text_color__hover=&#8221;null&#8221; button_one_border_width__hover_enabled=&#8221;off&#8221; button_one_border_width__hover=&#8221;null&#8221; button_two_border_width__hover_enabled=&#8221;off&#8221; button_two_border_width__hover=&#8221;null&#8221; button_one_border_color__hover_enabled=&#8221;off&#8221; button_one_border_color__hover=&#8221;null&#8221; button_two_border_color__hover_enabled=&#8221;off&#8221; button_two_border_color__hover=&#8221;null&#8221; button_one_border_radius__hover_enabled=&#8221;on&#8221; button_one_border_radius__hover=&#8221;3&#8243; button_two_border_radius__hover_enabled=&#8221;on&#8221; button_two_border_radius__hover=&#8221;3&#8243; button_one_letter_spacing__hover_enabled=&#8221;on&#8221; button_one_letter_spacing__hover=&#8221;0&#8243; button_two_letter_spacing__hover_enabled=&#8221;on&#8221; button_two_letter_spacing__hover=&#8221;0&#8243; button_one_bg_color__hover_enabled=&#8221;off&#8221; button_one_bg_color__hover=&#8221;null&#8221; button_two_bg_color__hover_enabled=&#8221;off&#8221; button_two_bg_color__hover=&#8221;null&#8221;]<\/p>\n<p>&nbsp;<\/p>\n<p>[\/et_pb_fullwidth_header][\/et_pb_section][et_pb_section bb_built=&#8221;1&#8243; admin_label=&#8221;section&#8221; fullwidth=&#8221;off&#8221; specialty=&#8221;on&#8221; prev_background_color=&#8221;#77787a&#8221;][et_pb_column type=&#8221;1_4&#8243;][et_pb_sidebar admin_label=&#8221;Seitenleiste&#8221; orientation=&#8221;left&#8221; area=&#8221;sidebar-1&#8243; background_layout=&#8221;light&#8221; remove_border=&#8221;off&#8221; header_font_size=&#8221;18&#8243; body_font_size=&#8221;14&#8243; show_border=&#8221;on&#8221;]<\/p>\n<p>&nbsp;<\/p>\n<p>[\/et_pb_sidebar][\/et_pb_column][et_pb_column type=&#8221;3_4&#8243; specialty_columns=&#8221;3&#8243;][et_pb_row_inner][et_pb_column_inner type=&#8221;4_4&#8243; saved_specialty_column_type=&#8221;3_4&#8243;][et_pb_post_title admin_label=&#8221;Posttitel&#8221; title=&#8221;on&#8221; meta=&#8221;off&#8221; author=&#8221;on&#8221; date=&#8221;on&#8221; categories=&#8221;on&#8221; comments=&#8221;on&#8221; featured_image=&#8221;off&#8221; featured_placement=&#8221;below&#8221; parallax_effect=&#8221;on&#8221; parallax_method=&#8221;off&#8221; text_orientation=&#8221;left&#8221; text_color=&#8221;dark&#8221; text_background=&#8221;off&#8221; text_bg_color=&#8221;rgba(255,255,255,0.9)&#8221; module_bg_color=&#8221;rgba(255,255,255,0)&#8221; title_all_caps=&#8221;off&#8221; meta_font_size=&#8221;14&#8243; use_border_color=&#8221;off&#8221; border_color=&#8221;#ffffff&#8221; border_style=&#8221;solid&#8221; parallax=&#8221;on&#8221; background_color=&#8221;rgba(255,255,255,0)&#8221;]<\/p>\n<p>&nbsp;<\/p>\n<p>[\/et_pb_post_title][et_pb_text background_layout=&#8221;light&#8221; text_orientation=&#8221;left&#8221; text_font_size=&#8221;14&#8243; use_border_color=&#8221;off&#8221; border_color=&#8221;#ffffff&#8221; border_style=&#8221;solid&#8221; background_position=&#8221;top_left&#8221; background_repeat=&#8221;repeat&#8221; background_size=&#8221;initial&#8221; disabled_on=&#8221;on|on|on&#8221; disabled=&#8221;on&#8221;]<\/p>\n<p><span lang=\"EN-GB\">Since it was founded in 1995, Vulkan Technic has focussed on special machines and today numbers among the leading plant manufacturers in the field of adhesion and joining technology.<\/span><\/p>\n<p><span lang=\"EN-GB\">Just three years after the company was founded, the available space at the Kelberg site was used up and the decision was made to move to the newly completed Wiesbaum business park.<\/span><\/p>\n<p><span lang=\"EN-GB\">In 2001, the portfolio was extended to include an in-house biotechnology division and the serial production of laboratory and diagnostics equipment began under the name of ABBIS \u2013 Advantage by Bio-Innovation-Systems.<\/span><\/p>\n<p><span lang=\"EN-GB\">As a result of the strong demand for innovative bonding automation, particularly in the automotive industry, and increasing internationalisation, the decision was made to establish the American subsidiary Vulkan Technic Inc. in Kentucky, USA in 2009 in spite of the financial crisis. Since then, the company has been able to successfully develop its presence in the American market.<\/span><\/p>\n<p><span lang=\"EN-GB\">Vulkan Technic has grown very successfully over the last two decades. Today, the company employs more than 80 highly qualified members of staff. In order to ensure sustainable competitiveness, we have been training specialists in almost all of the divisions of the company for many years.<\/span><\/p>\n<p><span lang=\"EN-GB\">Our experienced employees guarantee you customer-oriented advice and support you in the implementation of your specific requirements.<\/span><\/p>\n<p>[\/et_pb_text][et_pb_text use_border_color=&#8221;off&#8221; border_color=&#8221;#ffffff&#8221; border_style=&#8221;solid&#8221; background_position=&#8221;top_left&#8221; background_repeat=&#8221;repeat&#8221; background_size=&#8221;initial&#8221; _builder_version=&#8221;3.19.10&#8243;]<\/p>\n<p><span lang=\"EN-GB\">Since it was founded in 1995, Vulkan Technic has focussed on special machines and today numbers among the leading plant manufacturers in the field of adhesion and joining technology.<\/span><\/p>\n<p><span lang=\"EN-GB\">Just three years after the company was founded, the available space at the Kelberg site was used up and the decision was made to move to the newly completed Wiesbaum business park.<\/span><\/p>\n<p><span lang=\"EN-GB\">In 2001, the portfolio was extended to include an in-house biotechnology division and the serial production of laboratory and diagnostics equipment began under the name of ABBIS \u2013 Advantage by Bio-Innovation-Systems.<\/span><\/p>\n<p><span lang=\"EN-GB\">Vulkan Technic has grown very successfully over the last two decades. Today, the company employs more than 80 highly qualified members of staff. In order to ensure sustainable competitiveness, we have been training specialists in almost all of the divisions of the company for many years.<\/span><\/p>\n<p><span lang=\"EN-GB\">Our experienced employees guarantee you customer-oriented advice and support you in the implementation of your specific requirements.<\/span><\/p>\n<p>[\/et_pb_text][\/et_pb_column_inner][\/et_pb_row_inner][et_pb_row_inner admin_label=&#8221;Zeile&#8221;][et_pb_column_inner type=&#8221;4_4&#8243; saved_specialty_column_type=&#8221;3_4&#8243;][\/et_pb_column_inner][\/et_pb_row_inner][\/et_pb_column][\/et_pb_section]<\/p>\n","protected":false},"excerpt":{"rendered":"<p>&nbsp; &nbsp; &nbsp; Since it was founded in 1995, Vulkan Technic has focussed on special machines and today numbers among the leading plant manufacturers in the field of adhesion and joining technology. Just three years after the company was founded, the available space at the Kelberg site was used up and the decision was made [&hellip;]<\/p>\n","protected":false},"author":1,"featured_media":0,"parent":43,"menu_order":10,"comment_status":"closed","ping_status":"closed","template":"","meta":{"_et_pb_use_builder":"on","_et_pb_old_content":"<p>Seit der Gr\u00fcndung im Jahre 1995 hat sich Vulkan Technic auf den Bau von Sondermaschinen konzentriert und z\u00e4hlt heute zu den f\u00fchrenden Anlagenbauern im Bereich der Klebe- und F\u00fcgetechnik.<\/p><p>Bereits 3 Jahre nach der Gr\u00fcndung waren die Platzverh\u00e4ltnisse am Standort Kelberg ersch\u00f6pft und man entschied sich zum Umzug in den neu erschlossenen Unternehmerpark Wiesbaum.<\/p><p>2001 erweiterte man das Portfolio um eine eigene Biotechnologiesparte und begann unter dem Namen ABBIS \u2013 Advantage by Bio-Innovation-Systems \u2013 mit der Serienproduktion von Labor- und Diagnoseger\u00e4ten.<\/p><p>Aufgrund der starken Nachfrage nach innovativer Klebeautomatisierung speziell in der Automobilbranche sowie der steigenden Internationalisierung entscheid man sich noch w\u00e4hrend der Krise 2009 zur Gr\u00fcndung des amerikanischen Tochterunternehmens Vulkan Technic Inc. in Kentucky\/USA. Seitdem konnte die Pr\u00e4senz auf dem US-amerikanischen Markt erfolgreich ausgebaut werden.<\/p><p>Vulkan Technic ist in den letzten zwei Jahrzehnten sehr erfolgreich gewachsen. Heute besch\u00e4ftigt man \u00fcber 70 hoch qualifizierte Mitarbeiter. Um die Wettbewerbsf\u00e4higkeit nachhaltig zu sichern, bilden wir seit vielen Jahren Fachkr\u00e4fte in nahezu allen Unternehmensbereichen aus.<\/p><p>Unsere erfahrenen Mitarbeiter sichern Ihnen eine kundennahe Beratung zu und unterst\u00fctzen Sie bei der Umsetzung Ihrer spezifischen Anforderungen.<\/p>","_et_gb_content_width":""},"yoast_head":"<!-- This site is optimized with the Yoast SEO plugin v20.3 - https:\/\/yoast.com\/wordpress\/plugins\/seo\/ -->\n<title>Company Profile - Vulkan Technic<\/title>\n<meta name=\"robots\" content=\"index, follow, max-snippet:-1, max-image-preview:large, max-video-preview:-1\" \/>\n<link rel=\"canonical\" href=\"https:\/\/vulkantechnic.de\/en\/company\/company-profile\/\" \/>\n<meta property=\"og:locale\" content=\"en_US\" \/>\n<meta property=\"og:type\" content=\"article\" \/>\n<meta property=\"og:title\" content=\"Company Profile - Vulkan Technic\" \/>\n<meta property=\"og:description\" content=\"&nbsp; &nbsp; &nbsp; Since it was founded in 1995, Vulkan Technic has focussed on special machines and today numbers among the leading plant manufacturers in the field of adhesion and joining technology. Just three years after the company was founded, the available space at the Kelberg site was used up and the decision was made [&hellip;]\" \/>\n<meta property=\"og:url\" content=\"https:\/\/vulkantechnic.de\/en\/company\/company-profile\/\" \/>\n<meta property=\"og:site_name\" content=\"Vulkan Technic\" \/>\n<meta property=\"article:modified_time\" content=\"2024-06-05T09:26:26+00:00\" \/>\n<meta name=\"twitter:card\" content=\"summary_large_image\" \/>\n<meta name=\"twitter:label1\" content=\"Est. reading time\" \/>\n\t<meta name=\"twitter:data1\" content=\"5 minutes\" \/>\n<script type=\"application\/ld+json\" class=\"yoast-schema-graph\">{\"@context\":\"https:\/\/schema.org\",\"@graph\":[{\"@type\":\"WebPage\",\"@id\":\"https:\/\/vulkantechnic.de\/en\/company\/company-profile\/\",\"url\":\"https:\/\/vulkantechnic.de\/en\/company\/company-profile\/\",\"name\":\"Company Profile - Vulkan Technic\",\"isPartOf\":{\"@id\":\"https:\/\/vulkantechnic.de\/en\/#website\"},\"datePublished\":\"2015-10-27T13:26:22+00:00\",\"dateModified\":\"2024-06-05T09:26:26+00:00\",\"breadcrumb\":{\"@id\":\"https:\/\/vulkantechnic.de\/en\/company\/company-profile\/#breadcrumb\"},\"inLanguage\":\"en-US\",\"potentialAction\":[{\"@type\":\"ReadAction\",\"target\":[\"https:\/\/vulkantechnic.de\/en\/company\/company-profile\/\"]}]},{\"@type\":\"BreadcrumbList\",\"@id\":\"https:\/\/vulkantechnic.de\/en\/company\/company-profile\/#breadcrumb\",\"itemListElement\":[{\"@type\":\"ListItem\",\"position\":1,\"name\":\"Company\",\"item\":\"https:\/\/vulkantechnic.de\/en\/company\/\"},{\"@type\":\"ListItem\",\"position\":2,\"name\":\"Company Profile\"}]},{\"@type\":\"WebSite\",\"@id\":\"https:\/\/vulkantechnic.de\/en\/#website\",\"url\":\"https:\/\/vulkantechnic.de\/en\/\",\"name\":\"Vulkan Technic\",\"description\":\"Maschinenbaupartner f\u00fcr industrielle Klebetechnik\",\"potentialAction\":[{\"@type\":\"SearchAction\",\"target\":{\"@type\":\"EntryPoint\",\"urlTemplate\":\"https:\/\/vulkantechnic.de\/en\/?s={search_term_string}\"},\"query-input\":\"required name=search_term_string\"}],\"inLanguage\":\"en-US\"}]}<\/script>\n<!-- \/ Yoast SEO plugin. -->","yoast_head_json":{"title":"Company Profile - Vulkan Technic","robots":{"index":"index","follow":"follow","max-snippet":"max-snippet:-1","max-image-preview":"max-image-preview:large","max-video-preview":"max-video-preview:-1"},"canonical":"https:\/\/vulkantechnic.de\/en\/company\/company-profile\/","og_locale":"en_US","og_type":"article","og_title":"Company Profile - Vulkan Technic","og_description":"&nbsp; &nbsp; &nbsp; Since it was founded in 1995, Vulkan Technic has focussed on special machines and today numbers among the leading plant manufacturers in the field of adhesion and joining technology. Just three years after the company was founded, the available space at the Kelberg site was used up and the decision was made [&hellip;]","og_url":"https:\/\/vulkantechnic.de\/en\/company\/company-profile\/","og_site_name":"Vulkan Technic","article_modified_time":"2024-06-05T09:26:26+00:00","twitter_card":"summary_large_image","twitter_misc":{"Est. reading time":"5 minutes"},"schema":{"@context":"https:\/\/schema.org","@graph":[{"@type":"WebPage","@id":"https:\/\/vulkantechnic.de\/en\/company\/company-profile\/","url":"https:\/\/vulkantechnic.de\/en\/company\/company-profile\/","name":"Company Profile - Vulkan Technic","isPartOf":{"@id":"https:\/\/vulkantechnic.de\/en\/#website"},"datePublished":"2015-10-27T13:26:22+00:00","dateModified":"2024-06-05T09:26:26+00:00","breadcrumb":{"@id":"https:\/\/vulkantechnic.de\/en\/company\/company-profile\/#breadcrumb"},"inLanguage":"en-US","potentialAction":[{"@type":"ReadAction","target":["https:\/\/vulkantechnic.de\/en\/company\/company-profile\/"]}]},{"@type":"BreadcrumbList","@id":"https:\/\/vulkantechnic.de\/en\/company\/company-profile\/#breadcrumb","itemListElement":[{"@type":"ListItem","position":1,"name":"Company","item":"https:\/\/vulkantechnic.de\/en\/company\/"},{"@type":"ListItem","position":2,"name":"Company Profile"}]},{"@type":"WebSite","@id":"https:\/\/vulkantechnic.de\/en\/#website","url":"https:\/\/vulkantechnic.de\/en\/","name":"Vulkan Technic","description":"Maschinenbaupartner f\u00fcr industrielle Klebetechnik","potentialAction":[{"@type":"SearchAction","target":{"@type":"EntryPoint","urlTemplate":"https:\/\/vulkantechnic.de\/en\/?s={search_term_string}"},"query-input":"required name=search_term_string"}],"inLanguage":"en-US"}]}},"_links":{"self":[{"href":"https:\/\/vulkantechnic.de\/en\/wp-json\/wp\/v2\/pages\/55"}],"collection":[{"href":"https:\/\/vulkantechnic.de\/en\/wp-json\/wp\/v2\/pages"}],"about":[{"href":"https:\/\/vulkantechnic.de\/en\/wp-json\/wp\/v2\/types\/page"}],"author":[{"embeddable":true,"href":"https:\/\/vulkantechnic.de\/en\/wp-json\/wp\/v2\/users\/1"}],"replies":[{"embeddable":true,"href":"https:\/\/vulkantechnic.de\/en\/wp-json\/wp\/v2\/comments?post=55"}],"version-history":[{"count":3,"href":"https:\/\/vulkantechnic.de\/en\/wp-json\/wp\/v2\/pages\/55\/revisions"}],"predecessor-version":[{"id":1609,"href":"https:\/\/vulkantechnic.de\/en\/wp-json\/wp\/v2\/pages\/55\/revisions\/1609"}],"up":[{"embeddable":true,"href":"https:\/\/vulkantechnic.de\/en\/wp-json\/wp\/v2\/pages\/43"}],"wp:attachment":[{"href":"https:\/\/vulkantechnic.de\/en\/wp-json\/wp\/v2\/media?parent=55"}],"curies":[{"name":"wp","href":"https:\/\/api.w.org\/{rel}","templated":true}]}}