{"id":196,"date":"2015-10-27T17:11:26","date_gmt":"2015-10-27T16:11:26","guid":{"rendered":"http:\/\/vulkantechnic.de\/?page_id=196"},"modified":"2023-12-05T10:56:10","modified_gmt":"2023-12-05T09:56:10","slug":"legal-notice","status":"publish","type":"page","link":"https:\/\/vulkantechnic.de\/en\/legal-notice\/","title":{"rendered":"Legal Notice"},"content":{"rendered":"<p>[et_pb_section admin_label=&#8221;Sektion&#8221; fullwidth=&#8221;off&#8221; specialty=&#8221;on&#8221;][et_pb_column type=&#8221;1_4&#8243;][et_pb_sidebar admin_label=&#8221;Seitenleiste&#8221; orientation=&#8221;left&#8221; area=&#8221;sidebar-1&#8243; background_layout=&#8221;light&#8221; remove_border=&#8221;off&#8221; header_font_size=&#8221;18&#8243; body_font_size=&#8221;14&#8243;]<\/p>\n<p>[\/et_pb_sidebar][\/et_pb_column][et_pb_column type=&#8221;3_4&#8243; specialty_columns=&#8221;3&#8243;][et_pb_row_inner admin_label=&#8221;Zeile&#8221;][et_pb_column_inner type=&#8221;4_4&#8243; saved_specialty_column_type=&#8221;3_4&#8243;][et_pb_text admin_label=&#8221;Text&#8221; background_layout=&#8221;light&#8221; text_orientation=&#8221;left&#8221; text_font_size=&#8221;14&#8243; use_border_color=&#8221;off&#8221; border_color=&#8221;#ffffff&#8221; border_style=&#8221;solid&#8221;]<\/p>\n<h2>Information in accordance with Section\u00a0\u00a7 5 TMG (German Telemedia Act):<\/h2>\n<p>Vulkan Technic GmbH<br \/>\nVulkanstra\u00dfe 1<br \/>\n54578 Wiesbaum<\/p>\n<h2>Represented by:<\/h2>\n<p>Managing Director authorised to represent the company: Ralf Bayerschen<\/p>\n<h2>Contact:<\/h2>\n<table>\n<tbody>\n<tr>\n<td>Phone:<\/td>\n<td>+49 6593 998-0<\/td>\n<\/tr>\n<tr>\n<td>Fax:<\/td>\n<td>+49 6593 998-100<\/td>\n<\/tr>\n<tr>\n<td>E-Mail:<\/td>\n<td>&#105;&#110;&#x66;&#x6f;&#64;&#118;&#x75;&#x6c;&#107;&#97;&#x6e;&#x74;&#101;&#99;&#x68;&#x6e;&#105;&#99;&#x2e;&#x64;&#101;<\/td>\n<\/tr>\n<\/tbody>\n<\/table>\n<h2>Register\u00a0entry:<\/h2>\n<p>Registration in the trade and companies register.<br \/>\nRegistration court: <em>Amtsgericht<\/em> [Local Court] of Wittlich<br \/>\nRegister number: HRB 12145<\/p>\n<h2>VAT\u00a0ID:<\/h2>\n<p>VAT identification number in accordance with Section 27 a <em>Umsatzsteuergesetz<\/em> [German Value Added Tax Act]:<br \/>\nDE812036323<\/p>\n<p>Source: <em><a href=\"http:\/\/www.e-recht24.de\/impressum-generator.html\" rel=\"nofollow\">http:\/\/www.e-recht24.de<\/a><\/em><\/p>\n<h1>Disclaimer<\/h1>\n<p><strong>Liability for content<\/strong><\/p>\n<p>As a service provider, we are responsible for our own content on these pages under general law in accordance with Section 7 Paragraph 1 <em>TMG<\/em> [German Telemedia Act]. In accordance with Sections 8 to 10 <em>TMG<\/em>, however, we as a service provider are not obligated to monitor third-party information transmitted or stored or to look into circumstances which are indicative of illegal activity. Obligations for the removal or blocking of the use of information in accordance with general law remains unaffected hereby. However, liability for this is only possible from the moment of recognition of a concrete legal violation. We will immediately remove such content upon recognition of the relevant legal violation.<\/p>\n<p><strong>Liability for links<\/strong><\/p>\n<p>Our offering contains links to external third-party websites on which we have no influence over the content. We are therefore unable to assume any liability for this third-party content. The respective provider or operator of the pages is always responsible for the content of the linked pages. The linked pages were checked for possible legal violations at the time of linking. No illegal content was found at the time of linking. However, ongoing content reviews of the linked pages without concrete indications of a legal violation is not reasonable. We will immediately remove such links upon recognition of the legal violations.<\/p>\n<p><strong>Copyright<\/strong><\/p>\n<p>The content and works created by the page operator on these pages is subject to German copyright. Reproduction, editing, distribution and any form of use outside the limits of the copyright requires the written authorisation of the respective author or creator. Downloading and copying of these pages is only permitted for private, non-commercial use. Where the content on these pages was not created by the operator, the third-party copyrights are observed. In particular, third party content is indicated as such. If you should nevertheless become aware of a copyright violation, we kindly request that you notify us accordingly. We will immediately remove such content upon recognition of the legal violations.<\/p>\n<p>[\/et_pb_text][\/et_pb_column_inner][\/et_pb_row_inner][\/et_pb_column][\/et_pb_section]<\/p>\n","protected":false},"excerpt":{"rendered":"<p>Information in accordance with Section\u00a0\u00a7 5 TMG (German Telemedia Act): Vulkan Technic GmbH Vulkanstra\u00dfe 1 54578 Wiesbaum Represented by: Managing Director authorised to represent the company: Ralf Bayerschen Contact: Phone: +49 6593 998-0 Fax: +49 6593 998-100 E-Mail: &#105;&#x6e;&#x66;o&#64;&#x76;u&#108;&#x6b;a&#110;&#x74;e&#99;&#x68;&#x6e;&#105;&#x63;&#x2e;d&#101; Register\u00a0entry: Registration in the trade and companies register. Registration court: Amtsgericht [Local Court] of Wittlich Register [&hellip;]<\/p>\n","protected":false},"author":1,"featured_media":0,"parent":0,"menu_order":0,"comment_status":"closed","ping_status":"closed","template":"","meta":{"_et_pb_use_builder":"on","_et_pb_old_content":"<h2>Angaben gem\u00e4\u00df \u00a7 5 TMG:<\/h2><p>Vulkan Technic Maschinen-Konstruktions GmbH<br \/>Vulkanstra\u00dfe 1<br \/>54578 Wiesbaum<\/p><h2>Vertreten durch:<\/h2><p>Vertretungsberechtigter Gesch\u00e4ftsf\u00fchrer: Ralf Bayerschen<\/p><h2>Kontakt:<\/h2><table><tbody><tr><td>Telefon:<\/td><td>+49 6593 998-0<\/td><\/tr><tr><td>Telefax:<\/td><td>+49 6593 998-100<\/td><\/tr><tr><td>E-Mail:<\/td><td>info@vulkantechnic.de<\/td><\/tr><\/tbody><\/table><h2>Registereintrag:<\/h2><p>Eintragung im Handelsregister. <br \/>Registergericht:Amtsgericht Wittlich <br \/>Registernummer: HRB 12145<\/p><h2>Umsatzsteuer-ID:<\/h2><p>Umsatzsteuer-Identifikationsnummer gem\u00e4\u00df \u00a727 a Umsatzsteuergesetz:<br \/>DE812036323<\/p><p>Quelle: <em><a href=\"http:\/\/www.e-recht24.de\/impressum-generator.html\" rel=\"nofollow\">http:\/\/www.e-recht24.de<\/a><\/em><\/p><h1>Haftungsausschluss (Disclaimer)<\/h1><p><strong>Haftung f\u00fcr Inhalte<\/strong><\/p><p>Als Diensteanbieter sind wir gem\u00e4\u00df \u00a7 7 Abs.1 TMG f\u00fcr eigene Inhalte auf diesen Seiten nach den allgemeinen Gesetzen verantwortlich. Nach \u00a7\u00a7 8 bis 10 TMG sind wir als Diensteanbieter jedoch nicht verpflichtet, \u00fcbermittelte oder gespeicherte fremde Informationen zu \u00fcberwachen oder nach Umst\u00e4nden zu forschen, die auf eine rechtswidrige T\u00e4tigkeit hinweisen. Verpflichtungen zur Entfernung oder Sperrung der Nutzung von Informationen nach den allgemeinen Gesetzen bleiben hiervon unber\u00fchrt. Eine diesbez\u00fcgliche Haftung ist jedoch erst ab dem Zeitpunkt der Kenntnis einer konkreten Rechtsverletzung m\u00f6glich. Bei Bekanntwerden von entsprechenden Rechtsverletzungen werden wir diese Inhalte umgehend entfernen.<\/p><p><strong>Haftung f\u00fcr Links<\/strong><\/p><p>Unser Angebot enth\u00e4lt Links zu externen Webseiten Dritter, auf deren Inhalte wir keinen Einfluss haben. Deshalb k\u00f6nnen wir f\u00fcr diese fremden Inhalte auch keine Gew\u00e4hr \u00fcbernehmen. F\u00fcr die Inhalte der verlinkten Seiten ist stets der jeweilige Anbieter oder Betreiber der Seiten verantwortlich. Die verlinkten Seiten wurden zum Zeitpunkt der Verlinkung auf m\u00f6gliche Rechtsverst\u00f6\u00dfe \u00fcberpr\u00fcft. Rechtswidrige Inhalte waren zum Zeitpunkt der Verlinkung nicht erkennbar. Eine permanente inhaltliche Kontrolle der verlinkten Seiten ist jedoch ohne konkrete Anhaltspunkte einer Rechtsverletzung nicht zumutbar. Bei Bekanntwerden von Rechtsverletzungen werden wir derartige Links umgehend entfernen.<\/p><p><strong>Urheberrecht<\/strong><\/p><p>Die durch die Seitenbetreiber erstellten Inhalte und Werke auf diesen Seiten unterliegen dem deutschen Urheberrecht. Die Vervielf\u00e4ltigung, Bearbeitung, Verbreitung und jede Art der Verwertung au\u00dferhalb der Grenzen des Urheberrechtes bed\u00fcrfen der schriftlichen Zustimmung des jeweiligen Autors bzw. Erstellers. Downloads und Kopien dieser Seite sind nur f\u00fcr den privaten, nicht kommerziellen Gebrauch gestattet. Soweit die Inhalte auf dieser Seite nicht vom Betreiber erstellt wurden, werden die Urheberrechte Dritter beachtet. Insbesondere werden Inhalte Dritter als solche gekennzeichnet. Sollten Sie trotzdem auf eine Urheberrechtsverletzung aufmerksam werden, bitten wir um einen entsprechenden Hinweis. Bei Bekanntwerden von Rechtsverletzungen werden wir derartige Inhalte umgehend entfernen.<\/p>","_et_gb_content_width":""},"yoast_head":"<!-- This site is optimized with the Yoast SEO plugin v20.3 - https:\/\/yoast.com\/wordpress\/plugins\/seo\/ -->\n<title>Legal Notice - Vulkan Technic<\/title>\n<meta name=\"robots\" content=\"index, follow, max-snippet:-1, max-image-preview:large, max-video-preview:-1\" \/>\n<link rel=\"canonical\" href=\"https:\/\/vulkantechnic.de\/en\/legal-notice\/\" \/>\n<meta property=\"og:locale\" content=\"en_US\" \/>\n<meta property=\"og:type\" content=\"article\" \/>\n<meta property=\"og:title\" content=\"Legal Notice - Vulkan Technic\" \/>\n<meta property=\"og:description\" content=\"Information in accordance with Section\u00a0\u00a7 5 TMG (German Telemedia Act): Vulkan Technic GmbH Vulkanstra\u00dfe 1 54578 Wiesbaum Represented by: Managing Director authorised to represent the company: Ralf Bayerschen Contact: Phone: +49 6593 998-0 Fax: +49 6593 998-100 E-Mail: info@vulkantechnic.de Register\u00a0entry: Registration in the trade and companies register. Registration court: Amtsgericht [Local Court] of Wittlich Register [&hellip;]\" \/>\n<meta property=\"og:url\" content=\"https:\/\/vulkantechnic.de\/en\/legal-notice\/\" \/>\n<meta property=\"og:site_name\" content=\"Vulkan Technic\" \/>\n<meta property=\"article:modified_time\" content=\"2023-12-05T09:56:10+00:00\" \/>\n<meta name=\"twitter:card\" content=\"summary_large_image\" \/>\n<meta name=\"twitter:label1\" content=\"Est. reading time\" \/>\n\t<meta name=\"twitter:data1\" content=\"3 minutes\" \/>\n<script type=\"application\/ld+json\" class=\"yoast-schema-graph\">{\"@context\":\"https:\/\/schema.org\",\"@graph\":[{\"@type\":\"WebPage\",\"@id\":\"https:\/\/vulkantechnic.de\/en\/legal-notice\/\",\"url\":\"https:\/\/vulkantechnic.de\/en\/legal-notice\/\",\"name\":\"Legal Notice - Vulkan Technic\",\"isPartOf\":{\"@id\":\"https:\/\/vulkantechnic.de\/en\/#website\"},\"datePublished\":\"2015-10-27T16:11:26+00:00\",\"dateModified\":\"2023-12-05T09:56:10+00:00\",\"inLanguage\":\"en-US\",\"potentialAction\":[{\"@type\":\"ReadAction\",\"target\":[\"https:\/\/vulkantechnic.de\/en\/legal-notice\/\"]}]},{\"@type\":\"WebSite\",\"@id\":\"https:\/\/vulkantechnic.de\/en\/#website\",\"url\":\"https:\/\/vulkantechnic.de\/en\/\",\"name\":\"Vulkan Technic\",\"description\":\"Maschinenbaupartner f\u00fcr industrielle Klebetechnik\",\"potentialAction\":[{\"@type\":\"SearchAction\",\"target\":{\"@type\":\"EntryPoint\",\"urlTemplate\":\"https:\/\/vulkantechnic.de\/en\/?s={search_term_string}\"},\"query-input\":\"required name=search_term_string\"}],\"inLanguage\":\"en-US\"}]}<\/script>\n<!-- \/ Yoast SEO plugin. -->","yoast_head_json":{"title":"Legal Notice - Vulkan Technic","robots":{"index":"index","follow":"follow","max-snippet":"max-snippet:-1","max-image-preview":"max-image-preview:large","max-video-preview":"max-video-preview:-1"},"canonical":"https:\/\/vulkantechnic.de\/en\/legal-notice\/","og_locale":"en_US","og_type":"article","og_title":"Legal Notice - Vulkan Technic","og_description":"Information in accordance with Section\u00a0\u00a7 5 TMG (German Telemedia Act): Vulkan Technic GmbH Vulkanstra\u00dfe 1 54578 Wiesbaum Represented by: Managing Director authorised to represent the company: Ralf Bayerschen Contact: Phone: +49 6593 998-0 Fax: +49 6593 998-100 E-Mail: info@vulkantechnic.de Register\u00a0entry: Registration in the trade and companies register. Registration court: Amtsgericht [Local Court] of Wittlich Register [&hellip;]","og_url":"https:\/\/vulkantechnic.de\/en\/legal-notice\/","og_site_name":"Vulkan Technic","article_modified_time":"2023-12-05T09:56:10+00:00","twitter_card":"summary_large_image","twitter_misc":{"Est. reading time":"3 minutes"},"schema":{"@context":"https:\/\/schema.org","@graph":[{"@type":"WebPage","@id":"https:\/\/vulkantechnic.de\/en\/legal-notice\/","url":"https:\/\/vulkantechnic.de\/en\/legal-notice\/","name":"Legal Notice - Vulkan Technic","isPartOf":{"@id":"https:\/\/vulkantechnic.de\/en\/#website"},"datePublished":"2015-10-27T16:11:26+00:00","dateModified":"2023-12-05T09:56:10+00:00","inLanguage":"en-US","potentialAction":[{"@type":"ReadAction","target":["https:\/\/vulkantechnic.de\/en\/legal-notice\/"]}]},{"@type":"WebSite","@id":"https:\/\/vulkantechnic.de\/en\/#website","url":"https:\/\/vulkantechnic.de\/en\/","name":"Vulkan Technic","description":"Maschinenbaupartner f\u00fcr industrielle Klebetechnik","potentialAction":[{"@type":"SearchAction","target":{"@type":"EntryPoint","urlTemplate":"https:\/\/vulkantechnic.de\/en\/?s={search_term_string}"},"query-input":"required name=search_term_string"}],"inLanguage":"en-US"}]}},"_links":{"self":[{"href":"https:\/\/vulkantechnic.de\/en\/wp-json\/wp\/v2\/pages\/196"}],"collection":[{"href":"https:\/\/vulkantechnic.de\/en\/wp-json\/wp\/v2\/pages"}],"about":[{"href":"https:\/\/vulkantechnic.de\/en\/wp-json\/wp\/v2\/types\/page"}],"author":[{"embeddable":true,"href":"https:\/\/vulkantechnic.de\/en\/wp-json\/wp\/v2\/users\/1"}],"replies":[{"embeddable":true,"href":"https:\/\/vulkantechnic.de\/en\/wp-json\/wp\/v2\/comments?post=196"}],"version-history":[{"count":2,"href":"https:\/\/vulkantechnic.de\/en\/wp-json\/wp\/v2\/pages\/196\/revisions"}],"predecessor-version":[{"id":1564,"href":"https:\/\/vulkantechnic.de\/en\/wp-json\/wp\/v2\/pages\/196\/revisions\/1564"}],"wp:attachment":[{"href":"https:\/\/vulkantechnic.de\/en\/wp-json\/wp\/v2\/media?parent=196"}],"curies":[{"name":"wp","href":"https:\/\/api.w.org\/{rel}","templated":true}]}}