{"id":1153,"date":"2016-12-02T09:43:58","date_gmt":"2016-12-02T08:43:58","guid":{"rendered":"http:\/\/vulkantechnic.de\/en\/?page_id=1153"},"modified":"2020-05-07T11:23:24","modified_gmt":"2020-05-07T09:23:24","slug":"growth","status":"publish","type":"page","link":"https:\/\/vulkantechnic.de\/en\/company\/growth\/","title":{"rendered":"Growth"},"content":{"rendered":"<p>[et_pb_section bb_built=&#8221;1&#8243; admin_label=&#8221;section&#8221; fullwidth=&#8221;on&#8221; specialty=&#8221;off&#8221; background_color=&#8221;#77787a&#8221; inner_shadow=&#8221;off&#8221; parallax=&#8221;off&#8221; transparent_background=&#8221;off&#8221; allow_player_pause=&#8221;off&#8221; parallax_method=&#8221;off&#8221; padding_mobile=&#8221;off&#8221; make_fullwidth=&#8221;off&#8221; use_custom_width=&#8221;off&#8221; width_unit=&#8221;on&#8221; make_equal=&#8221;off&#8221; use_custom_gutter=&#8221;off&#8221; gutter_width=&#8221;3&#8243; custom_padding_tablet=&#8221;50px|0|50px|0&#8243; custom_padding_last_edited=&#8221;on|desktop&#8221; next_background_color=&#8221;#ffffff&#8221;][et_pb_fullwidth_header global_module=&#8221;785&#8243; background_layout=&#8221;dark&#8221; text_orientation=&#8221;left&#8221; header_fullscreen=&#8221;off&#8221; header_scroll_down=&#8221;off&#8221; parallax=&#8221;off&#8221; parallax_method=&#8221;off&#8221; content_orientation=&#8221;center&#8221; image_orientation=&#8221;center&#8221; custom_button_one=&#8221;off&#8221; button_one_text_size=&#8221;20&#8243; button_one_border_width=&#8221;2&#8243; button_one_border_radius=&#8221;3&#8243; button_one_letter_spacing=&#8221;0&#8243; button_one_use_icon=&#8221;default&#8221; button_one_icon_placement=&#8221;right&#8221; button_one_on_hover=&#8221;on&#8221; button_one_border_radius_hover=&#8221;3&#8243; button_one_letter_spacing_hover=&#8221;0&#8243; custom_button_two=&#8221;off&#8221; button_two_text_size=&#8221;20&#8243; button_two_border_width=&#8221;2&#8243; button_two_border_radius=&#8221;3&#8243; button_two_letter_spacing=&#8221;0&#8243; button_two_use_icon=&#8221;default&#8221; button_two_icon_placement=&#8221;right&#8221; button_two_on_hover=&#8221;on&#8221; button_two_border_radius_hover=&#8221;3&#8243; button_two_letter_spacing_hover=&#8221;0&#8243; background_url=&#8221;http:\/\/vulkantechnic.de\/wp-content\/uploads\/2015\/10\/unternehmen-header.jpg&#8221; custom_css_main_element=&#8221;height: 160px;&#8221; saved_tabs=&#8221;all&#8221; background_image=&#8221;http:\/\/vulkantechnic.de\/wp-content\/uploads\/2015\/10\/unternehmen-header.jpg&#8221; content_max_width=&#8221;100%&#8221; background_color=&#8221;rgba(255, 255, 255, 0)&#8221; button_one_text_size__hover_enabled=&#8221;off&#8221; button_one_text_size__hover=&#8221;null&#8221; button_two_text_size__hover_enabled=&#8221;off&#8221; button_two_text_size__hover=&#8221;null&#8221; button_one_text_color__hover_enabled=&#8221;off&#8221; button_one_text_color__hover=&#8221;null&#8221; button_two_text_color__hover_enabled=&#8221;off&#8221; button_two_text_color__hover=&#8221;null&#8221; button_one_border_width__hover_enabled=&#8221;off&#8221; button_one_border_width__hover=&#8221;null&#8221; button_two_border_width__hover_enabled=&#8221;off&#8221; button_two_border_width__hover=&#8221;null&#8221; button_one_border_color__hover_enabled=&#8221;off&#8221; button_one_border_color__hover=&#8221;null&#8221; button_two_border_color__hover_enabled=&#8221;off&#8221; button_two_border_color__hover=&#8221;null&#8221; button_one_border_radius__hover_enabled=&#8221;on&#8221; button_one_border_radius__hover=&#8221;3&#8243; button_two_border_radius__hover_enabled=&#8221;on&#8221; button_two_border_radius__hover=&#8221;3&#8243; button_one_letter_spacing__hover_enabled=&#8221;on&#8221; button_one_letter_spacing__hover=&#8221;0&#8243; button_two_letter_spacing__hover_enabled=&#8221;on&#8221; button_two_letter_spacing__hover=&#8221;0&#8243; button_one_bg_color__hover_enabled=&#8221;off&#8221; button_one_bg_color__hover=&#8221;null&#8221; button_two_bg_color__hover_enabled=&#8221;off&#8221; button_two_bg_color__hover=&#8221;null&#8221;]<\/p>\n<p><\/p>\n<p>[\/et_pb_fullwidth_header][\/et_pb_section][et_pb_section bb_built=&#8221;1&#8243; admin_label=&#8221;section&#8221; fullwidth=&#8221;off&#8221; specialty=&#8221;on&#8221; prev_background_color=&#8221;#77787a&#8221;][et_pb_column type=&#8221;1_4&#8243;][et_pb_sidebar admin_label=&#8221;Seitenleiste&#8221; orientation=&#8221;left&#8221; area=&#8221;sidebar-1&#8243; background_layout=&#8221;light&#8221; remove_border=&#8221;off&#8221; header_font_size=&#8221;18&#8243; body_font_size=&#8221;14&#8243; show_border=&#8221;on&#8221;]<\/p>\n<p><\/p>\n<p>[\/et_pb_sidebar][\/et_pb_column][et_pb_column type=&#8221;3_4&#8243; specialty_columns=&#8221;3&#8243;][et_pb_row_inner][et_pb_column_inner type=&#8221;4_4&#8243; saved_specialty_column_type=&#8221;3_4&#8243;][et_pb_post_title admin_label=&#8221;Posttitel&#8221; title=&#8221;on&#8221; meta=&#8221;off&#8221; author=&#8221;on&#8221; date=&#8221;on&#8221; categories=&#8221;on&#8221; comments=&#8221;on&#8221; featured_image=&#8221;off&#8221; featured_placement=&#8221;below&#8221; parallax_effect=&#8221;on&#8221; parallax_method=&#8221;off&#8221; text_orientation=&#8221;left&#8221; text_color=&#8221;dark&#8221; text_background=&#8221;off&#8221; text_bg_color=&#8221;rgba(255,255,255,0.9)&#8221; module_bg_color=&#8221;rgba(255,255,255,0)&#8221; title_all_caps=&#8221;off&#8221; meta_font_size=&#8221;14&#8243; use_border_color=&#8221;off&#8221; border_color=&#8221;#ffffff&#8221; border_style=&#8221;solid&#8221; parallax=&#8221;on&#8221; background_color=&#8221;rgba(255,255,255,0)&#8221;]<\/p>\n<p><\/p>\n<p>[\/et_pb_post_title][\/et_pb_column_inner][\/et_pb_row_inner][et_pb_row_inner admin_label=&#8221;Zeile&#8221;][et_pb_column_inner type=&#8221;1_2&#8243; saved_specialty_column_type=&#8221;3_4&#8243;][et_pb_text admin_label=&#8221;EFRE&#8221; background_layout=&#8221;light&#8221; text_orientation=&#8221;left&#8221; text_font_size=&#8221;14&#8243; use_border_color=&#8221;off&#8221; border_color=&#8221;#ffffff&#8221; border_style=&#8221;solid&#8221; background_position=&#8221;top_left&#8221; background_repeat=&#8221;repeat&#8221; background_size=&#8221;initial&#8221;]<\/p>\n<p>\nWe are expanding our production site by adding an assembly hall with an integrated administration wing, anticipating the growth in our business area of automatic adhesive applications to continue. This forward-looking project is supported under the European Regional Development Fund (ERDF) in Rhineland-Palatinate (Germany).<\/p>\n<p>&nbsp;<\/p>\n<p><img loading=\"lazy\" class=\"alignnone wp-image-1179 size-full\" src=\"http:\/\/vulkantechnic.de\/en\/wp-content\/uploads\/sites\/2\/2016\/12\/eu-emblem_en-1.jpg\" alt=\"European Regional Development Fund - Rhineland-Palatinate\" width=\"405\" height=\"140\" \/><\/p>\n<p>[\/et_pb_text][et_pb_text background_layout=&#8221;light&#8221; text_orientation=&#8221;left&#8221; text_font_size=&#8221;14&#8243; use_border_color=&#8221;off&#8221; border_color=&#8221;#ffffff&#8221; border_style=&#8221;solid&#8221; background_position=&#8221;top_left&#8221; background_repeat=&#8221;repeat&#8221; background_size=&#8221;initial&#8221;]<\/p>\n<p>\nThe expansion currently under construction will not only double our production area, it will also create new jobs and we plan to increase our workforce in order to meet the increasing demand for innovative industrial solutions.<\/p>\n<p>[\/et_pb_text][\/et_pb_column_inner][et_pb_column_inner type=&#8221;1_2&#8243; saved_specialty_column_type=&#8221;3_4&#8243;][et_pb_image admin_label=&#8221;Bild&#8221; src=&#8221;http:\/\/vulkantechnic.de\/wp-content\/uploads\/2016\/12\/wachstum_hallenbau_01.jpg&#8221; show_in_lightbox=&#8221;off&#8221; url_new_window=&#8221;off&#8221; animation=&#8221;off&#8221; sticky=&#8221;off&#8221; align=&#8221;left&#8221; force_fullwidth=&#8221;off&#8221; always_center_on_mobile=&#8221;on&#8221; use_border_color=&#8221;off&#8221; border_color=&#8221;#ffffff&#8221; border_style=&#8221;solid&#8221; animation_style=&#8221;none&#8221; animation_duration=&#8221;1000ms&#8221; animation_intensity_slide=&#8221;50%&#8221; show_bottom_space=&#8221;on&#8221;]<\/p>\n<p><\/p>\n<p>[\/et_pb_image][et_pb_image admin_label=&#8221;Bild&#8221; src=&#8221;http:\/\/vulkantechnic.de\/wp-content\/uploads\/2016\/12\/wachstum_hallenbau_02.jpg&#8221; show_in_lightbox=&#8221;off&#8221; url_new_window=&#8221;off&#8221; animation=&#8221;off&#8221; sticky=&#8221;off&#8221; align=&#8221;left&#8221; force_fullwidth=&#8221;off&#8221; always_center_on_mobile=&#8221;on&#8221; use_border_color=&#8221;off&#8221; border_color=&#8221;#ffffff&#8221; border_style=&#8221;solid&#8221; animation_style=&#8221;none&#8221; animation_duration=&#8221;1000ms&#8221; animation_intensity_slide=&#8221;50%&#8221; show_bottom_space=&#8221;on&#8221;]<\/p>\n<p><\/p>\n<p>[\/et_pb_image][\/et_pb_column_inner][\/et_pb_row_inner][et_pb_row_inner admin_label=&#8221;Zeile&#8221;][et_pb_column_inner type=&#8221;1_2&#8243; saved_specialty_column_type=&#8221;3_4&#8243;][et_pb_image admin_label=&#8221;Bild&#8221; src=&#8221;http:\/\/vulkantechnic.de\/en\/wp-content\/uploads\/sites\/2\/2016\/12\/wachstum_hallenbau_03.jpg&#8221; show_in_lightbox=&#8221;off&#8221; url_new_window=&#8221;off&#8221; animation=&#8221;off&#8221; sticky=&#8221;off&#8221; align=&#8221;left&#8221; force_fullwidth=&#8221;off&#8221; always_center_on_mobile=&#8221;on&#8221; use_border_color=&#8221;off&#8221; border_color=&#8221;#ffffff&#8221; border_style=&#8221;solid&#8221; animation_style=&#8221;none&#8221; animation_duration=&#8221;1000ms&#8221; animation_intensity_slide=&#8221;50%&#8221; show_bottom_space=&#8221;on&#8221;]<\/p>\n<p><\/p>\n<p>[\/et_pb_image][\/et_pb_column_inner][et_pb_column_inner type=&#8221;1_2&#8243; saved_specialty_column_type=&#8221;3_4&#8243;][et_pb_image admin_label=&#8221;Bild&#8221; src=&#8221;http:\/\/vulkantechnic.de\/en\/wp-content\/uploads\/sites\/2\/2017\/09\/halle_juli2017_MG_7778.jpg&#8221; show_in_lightbox=&#8221;off&#8221; url_new_window=&#8221;off&#8221; animation=&#8221;off&#8221; sticky=&#8221;off&#8221; align=&#8221;left&#8221; force_fullwidth=&#8221;off&#8221; always_center_on_mobile=&#8221;on&#8221; use_border_color=&#8221;off&#8221; border_color=&#8221;#ffffff&#8221; border_style=&#8221;solid&#8221; animation_style=&#8221;none&#8221; animation_duration=&#8221;1000ms&#8221; animation_intensity_slide=&#8221;50%&#8221; show_bottom_space=&#8221;on&#8221;]<\/p>\n<p><\/p>\n<p>[\/et_pb_image][\/et_pb_column_inner][\/et_pb_row_inner][et_pb_row_inner admin_label=&#8221;Zeile&#8221;][et_pb_column_inner type=&#8221;1_2&#8243; saved_specialty_column_type=&#8221;3_4&#8243;][et_pb_image admin_label=&#8221;Bild&#8221; src=&#8221;http:\/\/vulkantechnic.de\/en\/wp-content\/uploads\/sites\/2\/2020\/05\/MG_4393_web.jpg&#8221; show_in_lightbox=&#8221;on&#8221; use_border_color=&#8221;off&#8221; _builder_version=&#8221;3.19.10&#8243;]<\/p>\n<p><\/p>\n<p>[\/et_pb_image][\/et_pb_column_inner][et_pb_column_inner type=&#8221;1_2&#8243; saved_specialty_column_type=&#8221;3_4&#8243;][\/et_pb_column_inner][\/et_pb_row_inner][\/et_pb_column][\/et_pb_section]<\/p>\n","protected":false},"excerpt":{"rendered":"<p>We are expanding our production site by adding an assembly hall with an integrated administration wing, anticipating the growth in our business area of automatic adhesive applications to continue. This forward-looking project is supported under the European Regional Development Fund (ERDF) in Rhineland-Palatinate (Germany). &nbsp; The expansion currently under construction will not only double our [&hellip;]<\/p>\n","protected":false},"author":1,"featured_media":0,"parent":43,"menu_order":70,"comment_status":"closed","ping_status":"closed","template":"","meta":{"_et_pb_use_builder":"on","_et_pb_old_content":"[et_pb_section admin_label=\"section\" fullwidth=\"on\" specialty=\"off\" background_color=\"#77787a\" inner_shadow=\"off\" parallax=\"off\" transparent_background=\"off\" allow_player_pause=\"off\" parallax_method=\"off\" padding_mobile=\"off\" make_fullwidth=\"off\" use_custom_width=\"off\" width_unit=\"on\" make_equal=\"off\" use_custom_gutter=\"off\" gutter_width=\"3\"][et_pb_fullwidth_header admin_label=\"Fullwidth Header\" global_module=\"785\" background_layout=\"dark\" text_orientation=\"left\" header_fullscreen=\"off\" header_scroll_down=\"off\" parallax=\"off\" parallax_method=\"off\" content_orientation=\"center\" image_orientation=\"center\" custom_button_one=\"off\" button_one_text_size=\"20\" button_one_border_width=\"2\" button_one_border_radius=\"3\" button_one_letter_spacing=\"0\" button_one_use_icon=\"default\" button_one_icon_placement=\"right\" button_one_on_hover=\"on\" button_one_border_radius_hover=\"3\" button_one_letter_spacing_hover=\"0\" custom_button_two=\"off\" button_two_text_size=\"20\" button_two_border_width=\"2\" button_two_border_radius=\"3\" button_two_letter_spacing=\"0\" button_two_use_icon=\"default\" button_two_icon_placement=\"right\" button_two_on_hover=\"on\" button_two_border_radius_hover=\"3\" button_two_letter_spacing_hover=\"0\" background_url=\"http:\/\/vulkantechnic.de\/wp-content\/uploads\/2015\/10\/unternehmen-header.jpg\" custom_css_main_element=\"height: 160px;\" saved_tabs=\"all\"] [\/et_pb_fullwidth_header][\/et_pb_section][et_pb_section admin_label=\"section\" fullwidth=\"off\" specialty=\"on\"][et_pb_column type=\"1_4\"][et_pb_sidebar admin_label=\"Seitenleiste\" orientation=\"left\" area=\"sidebar-1\" background_layout=\"light\" remove_border=\"off\" header_font_size=\"18\" body_font_size=\"14\"] [\/et_pb_sidebar][\/et_pb_column][et_pb_column type=\"3_4\" specialty_columns=\"3\"][et_pb_row_inner admin_label=\"row_inner\"][et_pb_column_inner type=\"4_4\" saved_specialty_column_type=\"3_4\"][et_pb_post_title admin_label=\"Posttitel\" title=\"on\" meta=\"off\" author=\"on\" date=\"on\" categories=\"on\" comments=\"on\" featured_image=\"off\" featured_placement=\"below\" parallax_effect=\"on\" parallax_method=\"on\" text_orientation=\"left\" text_color=\"dark\" text_background=\"off\" text_bg_color=\"rgba(255,255,255,0.9)\" module_bg_color=\"rgba(255,255,255,0)\" title_all_caps=\"off\" meta_font_size=\"14\" use_border_color=\"off\" border_color=\"#ffffff\" border_style=\"solid\"] [\/et_pb_post_title][\/et_pb_column_inner][\/et_pb_row_inner][et_pb_row_inner admin_label=\"Zeile\"][et_pb_column_inner type=\"1_2\" saved_specialty_column_type=\"3_4\"][et_pb_text admin_label=\"EFRE\" background_layout=\"light\" text_orientation=\"left\" text_font_size=\"14\" use_border_color=\"off\" border_color=\"#ffffff\" border_style=\"solid\"]\r\n\r\nWir erweitern unsere Betriebsst\u00e4tte um eine Montagehalle mit integriertem Verwaltungstrakt in der Erwartung auf ein anhaltendes Wachstum in unserem Gesch\u00e4ftsfeld f\u00fcr automatisierte klebetechnische Anwendungen. Dieses zukunftsorientierte Projekt wird im Rahmen des europ\u00e4ischen Fonds f\u00fcr regionale Entwicklung (EFRE) in Rheinland-Pfalz gef\u00f6rdert.\r\n\r\n\r\nEU-Emblem\r\n\r\n[\/et_pb_text][\/et_pb_column_inner][et_pb_column_inner type=\"1_2\" saved_specialty_column_type=\"3_4\"][et_pb_image admin_label=\"Bild\" src=\"http:\/\/vulkantechnic.de\/wp-content\/uploads\/2016\/12\/wachstum_hallenbau_01.jpg\" show_in_lightbox=\"off\" url_new_window=\"off\" animation=\"off\" sticky=\"off\" align=\"left\" force_fullwidth=\"off\" always_center_on_mobile=\"on\" use_border_color=\"off\" border_color=\"#ffffff\" border_style=\"solid\"] [\/et_pb_image][\/et_pb_column_inner][\/et_pb_row_inner][et_pb_row_inner admin_label=\"Zeile\"][et_pb_column_inner type=\"1_2\" saved_specialty_column_type=\"3_4\"][et_pb_text admin_label=\"Text\" background_layout=\"light\" text_orientation=\"left\" text_font_size=\"14\" use_border_color=\"off\" border_color=\"#ffffff\" border_style=\"solid\"]\r\n\r\nM\u00f6gliche Erweiterung\r\n\r\nDurch die derzeit im Aufbau befindliche Erweiterung wird nicht nur die zur Verf\u00fcgung stehende Produktionsfl\u00e4che verdoppelt. Mittelfristig ist auch eine Aufstockung der Mitarbeiteranzahl geplant, um der steigenden Nachfrage nach innovativen Industriel\u00f6sungen gerecht zu werden.\r\n\r\n[\/et_pb_text][\/et_pb_column_inner][et_pb_column_inner type=\"1_2\" saved_specialty_column_type=\"3_4\"][et_pb_image admin_label=\"Bild\" src=\"http:\/\/vulkantechnic.de\/wp-content\/uploads\/2016\/12\/wachstum_hallenbau_02.jpg\" show_in_lightbox=\"off\" url_new_window=\"off\" animation=\"off\" sticky=\"off\" align=\"left\" force_fullwidth=\"off\" always_center_on_mobile=\"on\" use_border_color=\"off\" border_color=\"#ffffff\" border_style=\"solid\"] [\/et_pb_image][\/et_pb_column_inner][\/et_pb_row_inner][\/et_pb_column][\/et_pb_section]","_et_gb_content_width":""},"yoast_head":"<!-- This site is optimized with the Yoast SEO plugin v20.3 - https:\/\/yoast.com\/wordpress\/plugins\/seo\/ -->\n<title>Growth - Vulkan Technic<\/title>\n<meta name=\"robots\" content=\"index, follow, max-snippet:-1, max-image-preview:large, max-video-preview:-1\" \/>\n<link rel=\"canonical\" href=\"https:\/\/vulkantechnic.de\/en\/company\/growth\/\" \/>\n<meta property=\"og:locale\" content=\"en_US\" \/>\n<meta property=\"og:type\" content=\"article\" \/>\n<meta property=\"og:title\" content=\"Growth - Vulkan Technic\" \/>\n<meta property=\"og:description\" content=\"We are expanding our production site by adding an assembly hall with an integrated administration wing, anticipating the growth in our business area of automatic adhesive applications to continue. This forward-looking project is supported under the European Regional Development Fund (ERDF) in Rhineland-Palatinate (Germany). &nbsp; The expansion currently under construction will not only double our [&hellip;]\" \/>\n<meta property=\"og:url\" content=\"https:\/\/vulkantechnic.de\/en\/company\/growth\/\" \/>\n<meta property=\"og:site_name\" content=\"Vulkan Technic\" \/>\n<meta property=\"article:modified_time\" content=\"2020-05-07T09:23:24+00:00\" \/>\n<meta property=\"og:image\" content=\"http:\/\/vulkantechnic.de\/en\/wp-content\/uploads\/sites\/2\/2016\/12\/eu-emblem_en-1.jpg\" \/>\n<meta name=\"twitter:card\" content=\"summary_large_image\" \/>\n<meta name=\"twitter:label1\" content=\"Est. reading time\" \/>\n\t<meta name=\"twitter:data1\" content=\"6 minutes\" \/>\n<script type=\"application\/ld+json\" class=\"yoast-schema-graph\">{\"@context\":\"https:\/\/schema.org\",\"@graph\":[{\"@type\":\"WebPage\",\"@id\":\"https:\/\/vulkantechnic.de\/en\/company\/growth\/\",\"url\":\"https:\/\/vulkantechnic.de\/en\/company\/growth\/\",\"name\":\"Growth - Vulkan Technic\",\"isPartOf\":{\"@id\":\"https:\/\/vulkantechnic.de\/en\/#website\"},\"datePublished\":\"2016-12-02T08:43:58+00:00\",\"dateModified\":\"2020-05-07T09:23:24+00:00\",\"breadcrumb\":{\"@id\":\"https:\/\/vulkantechnic.de\/en\/company\/growth\/#breadcrumb\"},\"inLanguage\":\"en-US\",\"potentialAction\":[{\"@type\":\"ReadAction\",\"target\":[\"https:\/\/vulkantechnic.de\/en\/company\/growth\/\"]}]},{\"@type\":\"BreadcrumbList\",\"@id\":\"https:\/\/vulkantechnic.de\/en\/company\/growth\/#breadcrumb\",\"itemListElement\":[{\"@type\":\"ListItem\",\"position\":1,\"name\":\"Company\",\"item\":\"https:\/\/vulkantechnic.de\/en\/company\/\"},{\"@type\":\"ListItem\",\"position\":2,\"name\":\"Growth\"}]},{\"@type\":\"WebSite\",\"@id\":\"https:\/\/vulkantechnic.de\/en\/#website\",\"url\":\"https:\/\/vulkantechnic.de\/en\/\",\"name\":\"Vulkan Technic\",\"description\":\"Maschinenbaupartner f\u00fcr industrielle Klebetechnik\",\"potentialAction\":[{\"@type\":\"SearchAction\",\"target\":{\"@type\":\"EntryPoint\",\"urlTemplate\":\"https:\/\/vulkantechnic.de\/en\/?s={search_term_string}\"},\"query-input\":\"required name=search_term_string\"}],\"inLanguage\":\"en-US\"}]}<\/script>\n<!-- \/ Yoast SEO plugin. -->","yoast_head_json":{"title":"Growth - Vulkan Technic","robots":{"index":"index","follow":"follow","max-snippet":"max-snippet:-1","max-image-preview":"max-image-preview:large","max-video-preview":"max-video-preview:-1"},"canonical":"https:\/\/vulkantechnic.de\/en\/company\/growth\/","og_locale":"en_US","og_type":"article","og_title":"Growth - Vulkan Technic","og_description":"We are expanding our production site by adding an assembly hall with an integrated administration wing, anticipating the growth in our business area of automatic adhesive applications to continue. This forward-looking project is supported under the European Regional Development Fund (ERDF) in Rhineland-Palatinate (Germany). &nbsp; The expansion currently under construction will not only double our [&hellip;]","og_url":"https:\/\/vulkantechnic.de\/en\/company\/growth\/","og_site_name":"Vulkan Technic","article_modified_time":"2020-05-07T09:23:24+00:00","og_image":[{"url":"http:\/\/vulkantechnic.de\/en\/wp-content\/uploads\/sites\/2\/2016\/12\/eu-emblem_en-1.jpg"}],"twitter_card":"summary_large_image","twitter_misc":{"Est. reading time":"6 minutes"},"schema":{"@context":"https:\/\/schema.org","@graph":[{"@type":"WebPage","@id":"https:\/\/vulkantechnic.de\/en\/company\/growth\/","url":"https:\/\/vulkantechnic.de\/en\/company\/growth\/","name":"Growth - Vulkan Technic","isPartOf":{"@id":"https:\/\/vulkantechnic.de\/en\/#website"},"datePublished":"2016-12-02T08:43:58+00:00","dateModified":"2020-05-07T09:23:24+00:00","breadcrumb":{"@id":"https:\/\/vulkantechnic.de\/en\/company\/growth\/#breadcrumb"},"inLanguage":"en-US","potentialAction":[{"@type":"ReadAction","target":["https:\/\/vulkantechnic.de\/en\/company\/growth\/"]}]},{"@type":"BreadcrumbList","@id":"https:\/\/vulkantechnic.de\/en\/company\/growth\/#breadcrumb","itemListElement":[{"@type":"ListItem","position":1,"name":"Company","item":"https:\/\/vulkantechnic.de\/en\/company\/"},{"@type":"ListItem","position":2,"name":"Growth"}]},{"@type":"WebSite","@id":"https:\/\/vulkantechnic.de\/en\/#website","url":"https:\/\/vulkantechnic.de\/en\/","name":"Vulkan Technic","description":"Maschinenbaupartner f\u00fcr industrielle Klebetechnik","potentialAction":[{"@type":"SearchAction","target":{"@type":"EntryPoint","urlTemplate":"https:\/\/vulkantechnic.de\/en\/?s={search_term_string}"},"query-input":"required name=search_term_string"}],"inLanguage":"en-US"}]}},"_links":{"self":[{"href":"https:\/\/vulkantechnic.de\/en\/wp-json\/wp\/v2\/pages\/1153"}],"collection":[{"href":"https:\/\/vulkantechnic.de\/en\/wp-json\/wp\/v2\/pages"}],"about":[{"href":"https:\/\/vulkantechnic.de\/en\/wp-json\/wp\/v2\/types\/page"}],"author":[{"embeddable":true,"href":"https:\/\/vulkantechnic.de\/en\/wp-json\/wp\/v2\/users\/1"}],"replies":[{"embeddable":true,"href":"https:\/\/vulkantechnic.de\/en\/wp-json\/wp\/v2\/comments?post=1153"}],"version-history":[{"count":3,"href":"https:\/\/vulkantechnic.de\/en\/wp-json\/wp\/v2\/pages\/1153\/revisions"}],"predecessor-version":[{"id":1390,"href":"https:\/\/vulkantechnic.de\/en\/wp-json\/wp\/v2\/pages\/1153\/revisions\/1390"}],"up":[{"embeddable":true,"href":"https:\/\/vulkantechnic.de\/en\/wp-json\/wp\/v2\/pages\/43"}],"wp:attachment":[{"href":"https:\/\/vulkantechnic.de\/en\/wp-json\/wp\/v2\/media?parent=1153"}],"curies":[{"name":"wp","href":"https:\/\/api.w.org\/{rel}","templated":true}]}}